{"id":2,"date":"2012-01-25T08:17:12","date_gmt":"2012-01-25T08:17:12","guid":{"rendered":"http:\/\/www.liceodeourense.com\/2.0\/?page_id=2"},"modified":"2026-01-08T11:28:55","modified_gmt":"2026-01-08T10:28:55","slug":"inicio","status":"publish","type":"page","link":"https:\/\/www.liceodeourense.com\/2.0\/","title":{"rendered":"INICIO"},"content":{"rendered":"<div class=\"vc_row wpb_row vc_row-fluid dt-default\">\n<div class=\"wpb_column vc_column_container vc_col-sm-12\">\n<div class=\"vc_column-inner \">\n<p><img loading=\"lazy\" decoding=\"async\" class=\"alignnone size-full wp-image-17315\" src=\"https:\/\/www.liceodeourense.com\/2.0\/wp-content\/uploads\/HISTORIA-DEL-LICEO-v.-01.jpg\" alt=\"\" width=\"1191\" height=\"1683\" srcset=\"https:\/\/www.liceodeourense.com\/2.0\/wp-content\/uploads\/HISTORIA-DEL-LICEO-v.-01.jpg 1191w, https:\/\/www.liceodeourense.com\/2.0\/wp-content\/uploads\/HISTORIA-DEL-LICEO-v.-01-212x300.jpg 212w, https:\/\/www.liceodeourense.com\/2.0\/wp-content\/uploads\/HISTORIA-DEL-LICEO-v.-01-725x1024.jpg 725w, https:\/\/www.liceodeourense.com\/2.0\/wp-content\/uploads\/HISTORIA-DEL-LICEO-v.-01-768x1085.jpg 768w, https:\/\/www.liceodeourense.com\/2.0\/wp-content\/uploads\/HISTORIA-DEL-LICEO-v.-01-1087x1536.jpg 1087w\" sizes=\"auto, (max-width: 1191px) 100vw, 1191px\" \/><a title=\"Diptico Liceo\" href=\"http:\/\/www.liceodeourense.com\/2.0\/pagina-ejemplo\/entrada_liceo\/\" target=\"_blank\" rel=\"attachment wp-att-60 noopener noreferrer\"><img loading=\"lazy\" decoding=\"async\" class=\"aligncenter wp-image-60\" title=\"entrada_liceo\" src=\"http:\/\/www.liceodeourense.com\/2.0\/wp-content\/uploads\/entrada_liceo.jpg\" alt=\"\" width=\"728\" height=\"1023\" srcset=\"https:\/\/www.liceodeourense.com\/2.0\/wp-content\/uploads\/entrada_liceo.jpg 1123w, https:\/\/www.liceodeourense.com\/2.0\/wp-content\/uploads\/entrada_liceo-213x300.jpg 213w, https:\/\/www.liceodeourense.com\/2.0\/wp-content\/uploads\/entrada_liceo-729x1024.jpg 729w\" sizes=\"auto, (max-width: 728px) 100vw, 728px\" \/><br \/>\n<\/a><\/p>\n<p>Descarga el d\u00edptico con la informaci\u00f3n completa de las actividades del Liceo as\u00ed como la sol<span style=\"font-size: 14px; line-height: 1.5em;\">icitud de alta\u00a0<\/span><a style=\"font-size: 14px; line-height: 1.5em;\" href=\"http:\/\/www.liceodeourense.com\/2.0\/wp-content\/uploads\/Diptico-Liceo.pdf\" target=\"_blank\" rel=\"noopener noreferrer\"><strong>Pulsando aqu\u00ed<\/strong><\/a><span style=\"font-size: 14px; line-height: 1.5em;\">:<\/span><\/p>\n<h2 style=\"text-align: center;\"><span style=\"color: #0000ff;\"><strong>\u00a0 \u00a0 \u00a0 \u00a0 \u00a0 \u00a0 \u00a0 \u00a0 \u00a0 \u00a0liceodeourense@hotmail.es<\/strong><\/span><\/h2>\n<h2 style=\"text-align: center;\"><strong><span style=\"color: #ff0000;\">Contacto: elliceodeourense@liceodeourense.com<\/span><\/strong><\/h2>\n<p style=\"text-align: center;\">\u00a0 \u00a0 \u00a0 \u00a0 \u00a0 \u00a0 \u00a0 \u00a0 \u00a0 \u00a0 \u00a0 \u00a0 \u00a0 \u00a0 \u00a0 \u00a0 \u00a0 \u00a0 \u00a0<strong><span style=\"color: #ff0000;\">Telefonos: 988 22 06 50 &#8211; 988 22 25 84<\/span><\/strong><\/p>\n<\/div>\n<\/div>\n<\/div>\n","protected":false},"excerpt":{"rendered":"<p>Descarga el d\u00edptico con la informaci\u00f3n completa de las actividades del Liceo as\u00ed como la solicitud de alta\u00a0Pulsando aqu\u00ed: \u00a0 \u00a0 \u00a0 \u00a0 \u00a0 \u00a0 \u00a0 \u00a0 \u00a0 \u00a0liceodeourense@hotmail.es Contacto: elliceodeourense@liceodeourense.com \u00a0 \u00a0 \u00a0 \u00a0 \u00a0 \u00a0 \u00a0 \u00a0 \u00a0 \u00a0 \u00a0 \u00a0 \u00a0 \u00a0 \u00a0 \u00a0 \u00a0 \u00a0 \u00a0Telefonos: 988 22 06 50 &#8211; [&hellip;]<\/p>\n","protected":false},"author":2,"featured_media":0,"parent":0,"menu_order":10,"comment_status":"closed","ping_status":"closed","template":"","meta":{"footnotes":""},"class_list":["post-2","page","type-page","status-publish","hentry"],"_links":{"self":[{"href":"https:\/\/www.liceodeourense.com\/2.0\/index.php?rest_route=\/wp\/v2\/pages\/2","targetHints":{"allow":["GET"]}}],"collection":[{"href":"https:\/\/www.liceodeourense.com\/2.0\/index.php?rest_route=\/wp\/v2\/pages"}],"about":[{"href":"https:\/\/www.liceodeourense.com\/2.0\/index.php?rest_route=\/wp\/v2\/types\/page"}],"author":[{"embeddable":true,"href":"https:\/\/www.liceodeourense.com\/2.0\/index.php?rest_route=\/wp\/v2\/users\/2"}],"replies":[{"embeddable":true,"href":"https:\/\/www.liceodeourense.com\/2.0\/index.php?rest_route=%2Fwp%2Fv2%2Fcomments&post=2"}],"version-history":[{"count":1246,"href":"https:\/\/www.liceodeourense.com\/2.0\/index.php?rest_route=\/wp\/v2\/pages\/2\/revisions"}],"predecessor-version":[{"id":18129,"href":"https:\/\/www.liceodeourense.com\/2.0\/index.php?rest_route=\/wp\/v2\/pages\/2\/revisions\/18129"}],"wp:attachment":[{"href":"https:\/\/www.liceodeourense.com\/2.0\/index.php?rest_route=%2Fwp%2Fv2%2Fmedia&parent=2"}],"curies":[{"name":"wp","href":"https:\/\/api.w.org\/{rel}","templated":true}]}}