{"id":13,"date":"2012-01-25T09:02:26","date_gmt":"2012-01-25T09:02:26","guid":{"rendered":"http:\/\/www.liceodeourense.com\/2.0\/?page_id=13"},"modified":"2012-10-08T16:40:19","modified_gmt":"2012-10-08T15:40:19","slug":"historia","status":"publish","type":"page","link":"https:\/\/www.liceodeourense.com\/2.0\/?page_id=13","title":{"rendered":"Historia"},"content":{"rendered":"<p><a href=\"http:\/\/www.liceodeourense.com\/2.0\/category\/historia-do-liceo\/\" target=\"_blank\">Detalles de la HISTORIA DE LA SOCIEDAD ( Picar para ver )<\/a><\/p>\n<p><em><strong>HISTORIA DE LA SOCIEDAD<\/strong><\/em><\/p>\n<p><strong>Hace 157 a\u00f1os. (Marzo de 1850)<\/strong><\/p>\n<p>Por un grupo de ourensanos se funda el Liceo Recreo de Artesanos. Acta fundacional.<\/p>\n<p><strong>Hace 100 a\u00f1os. (Febrero de 1907)<\/strong><\/p>\n<p>En sesi\u00f3n Ordinaria de Junta Directiva y \u201csiguiendo la costumbre se acuerda celebrar dos bailes los d\u00edas 10 y 12 designando a 3 miembros de la Junta para el reconocimiento de m\u00e1scaras\u201d.<\/p>\n<p><strong>Hace 50 a\u00f1os. (Febrero de 1957)<\/strong><\/p>\n<p>En sesi\u00f3n Ordinaria de Junta Directiva de 8 febrero se da cuenta por el Presidente D. Jos\u00e9 Fern\u00e1ndez Borrajo de \u201cla firma de la escritura notarial de la compra de la casa, y se acuerda celebrar una comida el domingo d\u00eda 10 para todos los socios y familiares que lo deseen para celebrar el acontecimiento de la adquisici\u00f3n del Edificio\u201d .<\/p>\n<p>En Asamblea General Ordinaria de 12 de febrero se aprueba un Presupuesto para el a\u00f1o 1957 de 1.087016 pesetas.<\/p>\n<p><strong>Hace 25 a\u00f1os. (Febrero de 1982)<\/strong><\/p>\n<p>En Asamblea General Ordinaria de 19 de febrero es reelegido como Presidente de la Sociedad D. Jos\u00e9 Carlos Mart\u00ednez-Pedrayo Garc\u00eda.<\/p>\n","protected":false},"excerpt":{"rendered":"<p>Detalles de la HISTORIA DE LA SOCIEDAD ( Picar para ver ) HISTORIA DE LA SOCIEDAD Hace 157 a\u00f1os. (Marzo de 1850) Por un grupo de ourensanos se funda el Liceo Recreo de Artesanos. Acta fundacional. Hace 100 a\u00f1os. (Febrero de 1907) En sesi\u00f3n Ordinaria de Junta Directiva y \u201csiguiendo la costumbre se acuerda celebrar [&hellip;]<\/p>\n","protected":false},"author":2,"featured_media":0,"parent":79,"menu_order":0,"comment_status":"closed","ping_status":"closed","template":"","meta":{"footnotes":""},"class_list":["post-13","page","type-page","status-publish","hentry"],"_links":{"self":[{"href":"https:\/\/www.liceodeourense.com\/2.0\/index.php?rest_route=\/wp\/v2\/pages\/13","targetHints":{"allow":["GET"]}}],"collection":[{"href":"https:\/\/www.liceodeourense.com\/2.0\/index.php?rest_route=\/wp\/v2\/pages"}],"about":[{"href":"https:\/\/www.liceodeourense.com\/2.0\/index.php?rest_route=\/wp\/v2\/types\/page"}],"author":[{"embeddable":true,"href":"https:\/\/www.liceodeourense.com\/2.0\/index.php?rest_route=\/wp\/v2\/users\/2"}],"replies":[{"embeddable":true,"href":"https:\/\/www.liceodeourense.com\/2.0\/index.php?rest_route=%2Fwp%2Fv2%2Fcomments&post=13"}],"version-history":[{"count":4,"href":"https:\/\/www.liceodeourense.com\/2.0\/index.php?rest_route=\/wp\/v2\/pages\/13\/revisions"}],"predecessor-version":[{"id":1873,"href":"https:\/\/www.liceodeourense.com\/2.0\/index.php?rest_route=\/wp\/v2\/pages\/13\/revisions\/1873"}],"up":[{"embeddable":true,"href":"https:\/\/www.liceodeourense.com\/2.0\/index.php?rest_route=\/wp\/v2\/pages\/79"}],"wp:attachment":[{"href":"https:\/\/www.liceodeourense.com\/2.0\/index.php?rest_route=%2Fwp%2Fv2%2Fmedia&parent=13"}],"curies":[{"name":"wp","href":"https:\/\/api.w.org\/{rel}","templated":true}]}}