{"id":9,"date":"2012-01-25T08:57:53","date_gmt":"2012-01-25T08:57:53","guid":{"rendered":"http:\/\/www.liceodeourense.com\/2.0\/?page_id=9"},"modified":"2020-02-10T20:47:41","modified_gmt":"2020-02-10T19:47:41","slug":"saludo","status":"publish","type":"page","link":"http:\/\/www.liceodeourense.com\/2.0\/?page_id=9","title":{"rendered":"Saludo"},"content":{"rendered":"<h3 lang=\"es-MX\" align=\"JUSTIFY\"><span style=\"color: #000000;\"><span style=\"font-family: Gentium Basic;\"><span style=\"font-size: large;\">O \u201cLiceo de Ourense\u201d \u00e9 unha entidade cultural e de ocio, con 170 anos de antiguedade, que ten a s\u00faa sede nun edificio da s\u00faa propiedade, que data do s\u00e9culo XVI. Declarado B\u00e9n de Inter\u00e9s Cultural (BIC), \u00e9 o edificio civil m\u00e1is antigo e mellor conservado da cidade.<\/span><\/span><\/span><\/h3>\n<h3 align=\"JUSTIFY\"><span style=\"color: #000000;\"><span style=\"font-family: Gentium Basic;\"><span style=\"font-size: large;\"> Nel acollense distintas asociaci\u00f3ns que non te\u00f1en un lugar axeitado para desenrolar as s\u00faas actividades (Coral, Filatelia, Xadrez, etc.) No Liceo celebranse unha media anual de 400 actos culturais ou conmemorativos da sociedade provincial, sen ning\u00fan tipo de coste para os organizadores. Anualmente pasan polas instalaci\u00f3ns do Liceo de Ourense m\u00e1is de 50.000 persoas.<\/span><\/span><\/span><\/h3>\n<h3 align=\"JUSTIFY\"><span style=\"color: #000000; font-family: Gentium Basic; font-size: large;\">A Xunta Directiva quere utilizar as novas canles de comunicaci\u00f3n como as redes sociais ou esta p\u00e1xina do Liceo para divulgar e dar a co\u00f1ecer tanto as actividades como a labor que desenrolamos.\u00a0 As\u00ed que lle damos a benvida esta p\u00e1xina web e os convidamos a participar en todos os actos que no Liceo se celebran, as\u00ed como a incorporarse como Socios deste Entidade.<\/span><\/h3>\n<p><a href=\"http:\/\/www.liceodeourense.com\/2.0\/?attachment_id=11684\" rel=\"attachment wp-att-11684\"><img loading=\"lazy\" decoding=\"async\" class=\"wp-image-11684 alignleft\" src=\"https:\/\/www.liceodeourense.com\/2.0\/wp-content\/uploads\/xabier-casares.jpg\" alt=\"\" width=\"333\" height=\"195\" srcset=\"https:\/\/www.liceodeourense.com\/2.0\/wp-content\/uploads\/xabier-casares.jpg 1366w, https:\/\/www.liceodeourense.com\/2.0\/wp-content\/uploads\/xabier-casares-300x176.jpg 300w, https:\/\/www.liceodeourense.com\/2.0\/wp-content\/uploads\/xabier-casares-1024x600.jpg 1024w, https:\/\/www.liceodeourense.com\/2.0\/wp-content\/uploads\/xabier-casares-768x450.jpg 768w\" sizes=\"auto, (max-width: 333px) 100vw, 333px\" \/><\/a><\/p>\n<p align=\"JUSTIFY\">Xabier Casares Mouri\u00f1o<\/p>\n<p align=\"JUSTIFY\">Presidente do Liceo de Ourense.<\/p>\n","protected":false},"excerpt":{"rendered":"<p>O \u201cLiceo de Ourense\u201d \u00e9 unha entidade cultural e de ocio, con 170 anos de antiguedade, que ten a s\u00faa sede nun edificio da s\u00faa propiedade, que data do s\u00e9culo XVI. Declarado B\u00e9n de Inter\u00e9s Cultural (BIC), \u00e9 o edificio civil m\u00e1is antigo e mellor conservado da cidade. Nel acollense distintas asociaci\u00f3ns que non te\u00f1en [&hellip;]<\/p>\n","protected":false},"author":2,"featured_media":0,"parent":79,"menu_order":0,"comment_status":"closed","ping_status":"closed","template":"","meta":{"footnotes":""},"class_list":["post-9","page","type-page","status-publish","hentry"],"_links":{"self":[{"href":"http:\/\/www.liceodeourense.com\/2.0\/index.php?rest_route=\/wp\/v2\/pages\/9","targetHints":{"allow":["GET"]}}],"collection":[{"href":"http:\/\/www.liceodeourense.com\/2.0\/index.php?rest_route=\/wp\/v2\/pages"}],"about":[{"href":"http:\/\/www.liceodeourense.com\/2.0\/index.php?rest_route=\/wp\/v2\/types\/page"}],"author":[{"embeddable":true,"href":"http:\/\/www.liceodeourense.com\/2.0\/index.php?rest_route=\/wp\/v2\/users\/2"}],"replies":[{"embeddable":true,"href":"http:\/\/www.liceodeourense.com\/2.0\/index.php?rest_route=%2Fwp%2Fv2%2Fcomments&post=9"}],"version-history":[{"count":9,"href":"http:\/\/www.liceodeourense.com\/2.0\/index.php?rest_route=\/wp\/v2\/pages\/9\/revisions"}],"predecessor-version":[{"id":11686,"href":"http:\/\/www.liceodeourense.com\/2.0\/index.php?rest_route=\/wp\/v2\/pages\/9\/revisions\/11686"}],"up":[{"embeddable":true,"href":"http:\/\/www.liceodeourense.com\/2.0\/index.php?rest_route=\/wp\/v2\/pages\/79"}],"wp:attachment":[{"href":"http:\/\/www.liceodeourense.com\/2.0\/index.php?rest_route=%2Fwp%2Fv2%2Fmedia&parent=9"}],"curies":[{"name":"wp","href":"https:\/\/api.w.org\/{rel}","templated":true}]}}