{"id":3540,"date":"2014-01-29T11:26:52","date_gmt":"2014-01-29T10:26:52","guid":{"rendered":"http:\/\/www.liceodeourense.com\/2.0\/?page_id=3540"},"modified":"2014-06-04T18:15:16","modified_gmt":"2014-06-04T17:15:16","slug":"escuela-de-ajedrez-el-liceo-de-ourense","status":"publish","type":"page","link":"http:\/\/www.liceodeourense.com\/2.0\/?page_id=3540","title":{"rendered":"Escuela de Ajedrez \u00abEL LICEO DE OURENSE\u00bb"},"content":{"rendered":"<p>&nbsp;<\/p>\n<h2 id=\"ecxyiv9027650523yui_3_7_2_25_1381854694990_59\"><a href=\"http:\/\/www.liceodeourense.com\/2.0\/wp-content\/uploads\/ajedrez.gif\"><img loading=\"lazy\" decoding=\"async\" class=\"alignleft size-full wp-image-3541\" src=\"http:\/\/www.liceodeourense.com\/2.0\/wp-content\/uploads\/ajedrez.gif\" alt=\"ajedrez\" width=\"400\" height=\"300\" \/><\/a>\u00a0 \u00a0 LICEO\u00a0 DE\u00a0 OURENSE<\/h2>\n<h2><\/h2>\n<h2 id=\"ecxyiv9027650523yui_3_7_2_25_1381854694990_65\">\u00a0<span style=\"line-height: 1.5em;\">\u00a0 \u00a0 \u00a0 \u00a0 \u00a0 ESCUELA de AJEDREZ<\/span><\/h2>\n<h2><\/h2>\n<h2 id=\"ecxyiv9027650523yui_3_7_2_25_1381854694990_72\"><\/h2>\n<h2><\/h2>\n<h2 id=\"ecxyiv9027650523yui_3_7_2_25_1381854694990_74\"><\/h2>\n<h2><\/h2>\n<h3><\/h3>\n<h4>Director Tecnico:Joaquin Bello Filgueira.<\/h4>\n<h4><span style=\"font-size: 1.5em; line-height: 1.5em;\">Entrenador Nacional de Ajedrez::El Maestro FIDE David Baltar Iglesias.<\/span><\/h4>\n<h4><span style=\"font-size: 1.5em; line-height: 1.5em;\">Monitor Nacional de Ajedrez:Marcos Lorenzo Duran.<\/span><\/h4>\n<h4><span style=\"font-size: 1.5em; line-height: 1.5em;\">Colaboradores:Alejandro Meira,Armando da Silva y Juan C.Negreira.<\/span><\/h4>\n<h4><span style=\"font-size: 1.5em; line-height: 1.5em;\">Talleres de Ajedrez-Horarios de Tarde.<\/span><\/h4>\n<h4><span style=\"font-size: 1.5em; line-height: 1.5em;\">Taller de INICIACION\u00a0\u00a0 Ni\u00f1os Hasta 10 a\u00f1os. Iniciacion Adultos tambien.<\/span><\/h4>\n<h4><span style=\"font-size: 1.5em; line-height: 1.5em;\">Taller de Perfecionamiento Grupos de Edades.<\/span><\/h4>\n<h4><span style=\"font-size: 1.5em; line-height: 1.5em;\">Taller\u00a0 AVANZADO.Entrenamiento Personalizado.<\/span><\/h4>\n<h4><span style=\"font-size: 1.5em; line-height: 1.5em;\">Precios:<\/span><\/h4>\n<h4><span style=\"font-size: 1.5em; line-height: 1.5em;\">Iniciacion SOCIOS y familiares.15,00\u20ac Mes Una hora semanal.NO Socios 20,00\u20ac.<\/span><\/h4>\n<h4><span style=\"font-size: 1.5em; line-height: 1.5em;\">Perfecionamiento Socios y familiares 15,00\u20ac No Socios 25,00\u20ac.<\/span><\/h4>\n<h4><span style=\"font-size: 1.5em; line-height: 1.5em;\">Avanzados Socios 20,00\u20ac NO Socios 30,00\u20ac.<\/span><\/h4>\n<h4><span style=\"font-size: 1.5em; line-height: 1.5em;\">Siempre una hora semanal y Mes.<\/span><\/h4>\n<p>&nbsp;<\/p>\n<h2>PROGRAMA EDUCATIVO APRENDER A APRENDER.<\/h2>\n<div id=\"ecxyiv8345428076yui_3_16_0_1_1401559332789_4639\" style=\"color: #000000;\">El programa de Ajedrez Educativo Aprender a Aprender Que .Implementa la Escuela de Ajedrez del Liceo de Ourense y patrocinado por el Ayuntamiento y la Concejalia de Educaci\u00f3n de Ourense<\/p>\n<\/div>\n<div id=\"ecxyiv8345428076yui_3_16_0_6_1401559332789_19\" style=\"color: #000000;\">.Las inquietudes de la concejala Ana Garrido y su equipo,en su permanente busqueda de mejorar y de ayudar a ni\u00f1as y ni\u00f1os de zonas deprimidas de nuestra ciudad.<\/p>\n<\/div>\n<div id=\"ecxyiv8345428076yui_3_16_0_6_1401559332789_10\" style=\"color: #000000;\">Este proyecto que\u00a0 utiliza el juego del Ajedrez,como herramienta educativa,comenz\u00f3 el pasado a\u00f1o en Educaci\u00f3n Infantil en los Colegios de Covadonga y Eiro\u00e1s,con excelentes resultados, este curso ha sido ampliado e Implementado a los Centros de Las Mercedes,Albino Nu\u00f1ez y Mari\u00f1amansa.Las 50 ni\u00f1as y ni\u00f1os que habian comenzado\u00a0 el curso pasado, se han\u00a0 ampliado a mas de 200 escolares en el presente curso.que ha finalizado,en este mes de Mayo.<\/p>\n<\/div>\n<div id=\"ecxyiv8345428076yui_3_16_0_6_1401559332789_16\" style=\"color: #000000;\">Esta experiencia nos reafirma que el Ajedrez debe estar en los centros educativos,desde las edades mas tempranas,ya que se ayuda al desarrollo integral de los escolares.<\/p>\n<p>El proyecto A a A en su segundo curso se ha realizado en Eiro\u00e1s y Covadonga mejorando notablemente los objetivos marcados.<\/p>\n<p>Las ni\u00f1as y ni\u00f1os de tres a\u00f1os,se iniciaron en el conocimiento de todas las piezas,con los Puzzles y Cubo y adquirieron conceptos basicos del juego.Utilizamos las piezas gigantes,contamos cuentos y leyendas y ayudamos a las ni\u00f1as y ni\u00f1os en su desarrollo intelectual,sobretodo en ATENCION e IMAGINACION..<\/p>\n<p>Las ni\u00f1as y ni\u00f1os de cuatro a\u00f1os.Repasaron conocimientos anteriores.Se iniciaron con sus primeras letras y sus primeros n\u00fameros.Con los materiales ense\u00f1amos valores de las piezas asi como la Geometria del TABLERO.Aprendieron nuevos conceptos del juego y algun movimiento de piezas.Para su desarrollo Intectual,introducimos el Calculo y mas Vocabulario.<\/p>\n<p>Las ni\u00f1as y ni\u00f1os de Cinco a\u00f1os,ya realizan los movimientos de las Piezas en el Tablero.Realizan movimientos atipicos y ya dan algun Mate Basico<\/p>\n<p>Estos escolares,ademas de Atencion e Imaginacion mejoraron la PERCEPCION y la Memoria Visual.Mejoramos tambien aspectos de su Caracter,como la Reflexi\u00f3n,la Cortesia y las Normas basicas del Juego,Silencio\u00a0 y Deportividad y compa\u00f1erismo.<\/p>\n<p>Reconocemos y valoramos mucho la colaboraci\u00f3n,tanto de Profesoras como Profesores que nos ayudan e todo momento y valores como el Orden la Solidaridad y el Compa\u00f1erismo,serian muy dificiles de lograr sin su participacion.Algunas de estas profesoras y profesores ya juegan con las ni\u00f1as y ni\u00f1os de estos centros.<\/p>\n<p>Del Colegio ALBINO NU\u00d1EZ\u00a0 tanto el grupo de cuatro a\u00f1os como el de cinco a\u00f1os,han progresado adecuadamente para estas edades,comprendiendo los conceptos del juego y con las limitaciones que es su primer curso en el Proyecto.Utilizaron muy correctamente las herramientas (Puzzless y Cubos) y progresaron en conocimientos del Juego.<\/p>\n<p>Del Colegio de las Mercedes los escolares de tres a\u00f1os muy bien como en Eiro\u00e1s-Covadonga.Los de cuatro y cinco a\u00f1os muy bien para sus edades pero la limitaci\u00f3n de que tambien ha sido su primer curso en Ajedrez En este Colegio las ayudas del profesorado ha sido de mucha ayuda.<\/p>\n<p>Los grupos de PRIMARIA de Covadonga y Mari\u00f1amansa ha sido muy buena las ni\u00f1as y ni\u00f1os ya juegan,aunque tienen algunas lagunas de conocimientos basicos.Los de Covadonga ya leen y escriben Ajedrez.<\/p>\n<p>Se debe seguir con el proceso de ense\u00f1anza y aprendizaje de todos los escolares.este es un Proyecto de TODOS y tiene que continuar,es lo que nos han solicitado los DIRECTORES delos CENTROS.<\/p>\n<p>Como colof\u00f3n:El Ajedrez es una Fiesta,los amigos son mas amigos,nos hacen canciones con Ajedrez,nos reciben con el grito de Ajedrez,nos despiden de la misma manera etc.etc.<\/p><\/div>\n<div style=\"color: #000000;\"><\/div>\n<div style=\"color: #000000;\"><a href=\"http:\/\/www.liceodeourense.com\/2.0\/wp-content\/uploads\/12-Juan-Carlos-vigilante.jpg\"><img loading=\"lazy\" decoding=\"async\" class=\"alignleft size-full wp-image-3921\" src=\"http:\/\/www.liceodeourense.com\/2.0\/wp-content\/uploads\/12-Juan-Carlos-vigilante.jpg\" alt=\"12-Juan Carlos vigilante\" width=\"1024\" height=\"768\" srcset=\"https:\/\/www.liceodeourense.com\/2.0\/wp-content\/uploads\/12-Juan-Carlos-vigilante.jpg 1024w, https:\/\/www.liceodeourense.com\/2.0\/wp-content\/uploads\/12-Juan-Carlos-vigilante-300x225.jpg 300w\" sizes=\"auto, (max-width: 1024px) 100vw, 1024px\" \/><\/a> <a href=\"http:\/\/www.liceodeourense.com\/2.0\/wp-content\/uploads\/Aprender-2014-031.jpg\"><img loading=\"lazy\" decoding=\"async\" class=\"alignleft size-full wp-image-3922\" src=\"http:\/\/www.liceodeourense.com\/2.0\/wp-content\/uploads\/Aprender-2014-031.jpg\" alt=\"Aprender-2014 031\" width=\"2592\" height=\"1944\" srcset=\"https:\/\/www.liceodeourense.com\/2.0\/wp-content\/uploads\/Aprender-2014-031.jpg 2592w, https:\/\/www.liceodeourense.com\/2.0\/wp-content\/uploads\/Aprender-2014-031-300x225.jpg 300w, https:\/\/www.liceodeourense.com\/2.0\/wp-content\/uploads\/Aprender-2014-031-1024x768.jpg 1024w\" sizes=\"auto, (max-width: 2592px) 100vw, 2592px\" \/><\/a> <a href=\"http:\/\/www.liceodeourense.com\/2.0\/wp-content\/uploads\/Aprender-2014-071.jpg\"><img loading=\"lazy\" decoding=\"async\" class=\"alignleft size-full wp-image-3923\" src=\"http:\/\/www.liceodeourense.com\/2.0\/wp-content\/uploads\/Aprender-2014-071.jpg\" alt=\"Aprender-2014 071\" width=\"2592\" height=\"1944\" srcset=\"https:\/\/www.liceodeourense.com\/2.0\/wp-content\/uploads\/Aprender-2014-071.jpg 2592w, https:\/\/www.liceodeourense.com\/2.0\/wp-content\/uploads\/Aprender-2014-071-300x225.jpg 300w, https:\/\/www.liceodeourense.com\/2.0\/wp-content\/uploads\/Aprender-2014-071-1024x768.jpg 1024w\" sizes=\"auto, (max-width: 2592px) 100vw, 2592px\" \/><\/a> <a href=\"http:\/\/www.liceodeourense.com\/2.0\/wp-content\/uploads\/Aprender-2014-130.jpg\"><img loading=\"lazy\" decoding=\"async\" class=\"alignleft size-full wp-image-3924\" src=\"http:\/\/www.liceodeourense.com\/2.0\/wp-content\/uploads\/Aprender-2014-130.jpg\" alt=\"Aprender-2014 130\" width=\"1944\" height=\"2592\" srcset=\"https:\/\/www.liceodeourense.com\/2.0\/wp-content\/uploads\/Aprender-2014-130.jpg 1944w, https:\/\/www.liceodeourense.com\/2.0\/wp-content\/uploads\/Aprender-2014-130-225x300.jpg 225w, https:\/\/www.liceodeourense.com\/2.0\/wp-content\/uploads\/Aprender-2014-130-768x1024.jpg 768w\" sizes=\"auto, (max-width: 1944px) 100vw, 1944px\" \/><\/a> <a href=\"http:\/\/www.liceodeourense.com\/2.0\/wp-content\/uploads\/Aprender-2014-211-1.jpg\"><img loading=\"lazy\" decoding=\"async\" class=\"alignleft size-full wp-image-3925\" src=\"http:\/\/www.liceodeourense.com\/2.0\/wp-content\/uploads\/Aprender-2014-211-1.jpg\" alt=\"Aprender-2014 211 (1)\" width=\"2592\" height=\"1944\" srcset=\"https:\/\/www.liceodeourense.com\/2.0\/wp-content\/uploads\/Aprender-2014-211-1.jpg 2592w, https:\/\/www.liceodeourense.com\/2.0\/wp-content\/uploads\/Aprender-2014-211-1-300x225.jpg 300w, https:\/\/www.liceodeourense.com\/2.0\/wp-content\/uploads\/Aprender-2014-211-1-1024x768.jpg 1024w\" sizes=\"auto, (max-width: 2592px) 100vw, 2592px\" \/><\/a> <a href=\"http:\/\/www.liceodeourense.com\/2.0\/wp-content\/uploads\/Aprender-2014-211.jpg\"><img loading=\"lazy\" decoding=\"async\" class=\"alignleft size-full wp-image-3926\" src=\"http:\/\/www.liceodeourense.com\/2.0\/wp-content\/uploads\/Aprender-2014-211.jpg\" alt=\"Aprender-2014 211\" width=\"2592\" height=\"1944\" srcset=\"https:\/\/www.liceodeourense.com\/2.0\/wp-content\/uploads\/Aprender-2014-211.jpg 2592w, https:\/\/www.liceodeourense.com\/2.0\/wp-content\/uploads\/Aprender-2014-211-300x225.jpg 300w, https:\/\/www.liceodeourense.com\/2.0\/wp-content\/uploads\/Aprender-2014-211-1024x768.jpg 1024w\" sizes=\"auto, (max-width: 2592px) 100vw, 2592px\" \/><\/a> <a href=\"http:\/\/www.liceodeourense.com\/2.0\/wp-content\/uploads\/attachment.jpg\"><img loading=\"lazy\" decoding=\"async\" class=\"alignleft size-full wp-image-3927\" src=\"http:\/\/www.liceodeourense.com\/2.0\/wp-content\/uploads\/attachment.jpg\" alt=\"attachment\" width=\"1024\" height=\"768\" srcset=\"https:\/\/www.liceodeourense.com\/2.0\/wp-content\/uploads\/attachment.jpg 1024w, https:\/\/www.liceodeourense.com\/2.0\/wp-content\/uploads\/attachment-300x225.jpg 300w\" sizes=\"auto, (max-width: 1024px) 100vw, 1024px\" \/><\/a><\/div>\n<div style=\"color: #000000;\"><\/div>\n<div style=\"color: #000000;\"><\/div>\n<h2><\/h2>\n","protected":false},"excerpt":{"rendered":"<p>&nbsp; \u00a0 \u00a0 LICEO\u00a0 DE\u00a0 OURENSE \u00a0\u00a0 \u00a0 \u00a0 \u00a0 \u00a0 ESCUELA de AJEDREZ Director Tecnico:Joaquin Bello Filgueira. Entrenador Nacional de Ajedrez::El Maestro FIDE David Baltar Iglesias. Monitor Nacional de Ajedrez:Marcos Lorenzo Duran. Colaboradores:Alejandro Meira,Armando da Silva y Juan C.Negreira. Talleres de Ajedrez-Horarios de Tarde. Taller de INICIACION\u00a0\u00a0 Ni\u00f1os Hasta 10 a\u00f1os. Iniciacion Adultos tambien. [&hellip;]<\/p>\n","protected":false},"author":2,"featured_media":3541,"parent":18,"menu_order":0,"comment_status":"open","ping_status":"closed","template":"","meta":{"footnotes":""},"class_list":["post-3540","page","type-page","status-publish","has-post-thumbnail","hentry"],"_links":{"self":[{"href":"http:\/\/www.liceodeourense.com\/2.0\/index.php?rest_route=\/wp\/v2\/pages\/3540","targetHints":{"allow":["GET"]}}],"collection":[{"href":"http:\/\/www.liceodeourense.com\/2.0\/index.php?rest_route=\/wp\/v2\/pages"}],"about":[{"href":"http:\/\/www.liceodeourense.com\/2.0\/index.php?rest_route=\/wp\/v2\/types\/page"}],"author":[{"embeddable":true,"href":"http:\/\/www.liceodeourense.com\/2.0\/index.php?rest_route=\/wp\/v2\/users\/2"}],"replies":[{"embeddable":true,"href":"http:\/\/www.liceodeourense.com\/2.0\/index.php?rest_route=%2Fwp%2Fv2%2Fcomments&post=3540"}],"version-history":[{"count":7,"href":"http:\/\/www.liceodeourense.com\/2.0\/index.php?rest_route=\/wp\/v2\/pages\/3540\/revisions"}],"predecessor-version":[{"id":3928,"href":"http:\/\/www.liceodeourense.com\/2.0\/index.php?rest_route=\/wp\/v2\/pages\/3540\/revisions\/3928"}],"up":[{"embeddable":true,"href":"http:\/\/www.liceodeourense.com\/2.0\/index.php?rest_route=\/wp\/v2\/pages\/18"}],"wp:featuredmedia":[{"embeddable":true,"href":"http:\/\/www.liceodeourense.com\/2.0\/index.php?rest_route=\/wp\/v2\/media\/3541"}],"wp:attachment":[{"href":"http:\/\/www.liceodeourense.com\/2.0\/index.php?rest_route=%2Fwp%2Fv2%2Fmedia&parent=3540"}],"curies":[{"name":"wp","href":"https:\/\/api.w.org\/{rel}","templated":true}]}}