{"id":1168,"date":"2012-03-30T15:46:04","date_gmt":"2012-03-30T14:46:04","guid":{"rendered":"http:\/\/www.liceodeourense.com\/2.0\/?page_id=1168"},"modified":"2023-01-24T10:54:38","modified_gmt":"2023-01-24T09:54:38","slug":"premio-microrrelato-carlos-casares","status":"publish","type":"page","link":"http:\/\/www.liceodeourense.com\/2.0\/?page_id=1168","title":{"rendered":"COMO HACERSE SOCIO DEL LICEO."},"content":{"rendered":"<h2><a href=\"https:\/\/www.liceodeourense.com\/2.0\/?attachment_id=12744\" rel=\"attachment wp-att-12744\"><img loading=\"lazy\" decoding=\"async\" src=\"https:\/\/www.liceodeourense.com\/2.0\/wp-content\/uploads\/PUERTA-GIRATORIA.jpg\" alt=\"\" width=\"569\" height=\"569\" \/><\/a><\/h2>\n<h3>Quiere ser <span style=\"color: #ff0000;\">SOCIO del LICEO<\/span>, f\u00e1cil descarge y cubra el <a href=\"https:\/\/www.liceodeourense.com\/2.0\/?attachment_id=12745\" target=\"_blank\" rel=\"attachment noopener wp-att-12745\">IMPRESO DE ALTA (pulsa para descargar)<\/a>, dos fotograf\u00edas de cada una de las personas que formen la unidad familiar, un n\u00famero de cuenta y entr\u00e9gelo en Secretar\u00eda de la Entidad.<\/h3>\n<h3>Cuanto cuesta????????<\/h3>\n<h3>La cuota de SOCIO es FAMILIAR, por importe de 41 euros al mes para toda la familia, para todas las personas que\u00a0 viven en un mismo domicilio.<\/h3>\n<h3>Existen otro tipo de cuotas individuales para algunos casos concretos, ll\u00e1menos y le informaremos.<\/h3>\n<h3>988 22 25 84..<\/h3>\n<h3><span style=\"color: #ff0000;\">Sea bienvenido al LICEO&#8230;<\/span><\/h3>\n<h3><span style=\"color: #ff0000;\">Le esperamos&#8230;..<\/span><\/h3>\n<p><a href=\"https:\/\/www.liceodeourense.com\/2.0\/?attachment_id=12749\" rel=\"attachment wp-att-12749\"><img loading=\"lazy\" decoding=\"async\" class=\"alignleft wp-image-12749\" src=\"https:\/\/www.liceodeourense.com\/2.0\/wp-content\/uploads\/CARTEL-SER-SOCIO-DEL-LICEO-scaled.jpg\" alt=\"\" width=\"764\" height=\"1080\" srcset=\"https:\/\/www.liceodeourense.com\/2.0\/wp-content\/uploads\/CARTEL-SER-SOCIO-DEL-LICEO-scaled.jpg 1811w, https:\/\/www.liceodeourense.com\/2.0\/wp-content\/uploads\/CARTEL-SER-SOCIO-DEL-LICEO-212x300.jpg 212w, https:\/\/www.liceodeourense.com\/2.0\/wp-content\/uploads\/CARTEL-SER-SOCIO-DEL-LICEO-724x1024.jpg 724w, https:\/\/www.liceodeourense.com\/2.0\/wp-content\/uploads\/CARTEL-SER-SOCIO-DEL-LICEO-768x1086.jpg 768w, https:\/\/www.liceodeourense.com\/2.0\/wp-content\/uploads\/CARTEL-SER-SOCIO-DEL-LICEO-1087x1536.jpg 1087w, https:\/\/www.liceodeourense.com\/2.0\/wp-content\/uploads\/CARTEL-SER-SOCIO-DEL-LICEO-1449x2048.jpg 1449w\" sizes=\"auto, (max-width: 764px) 100vw, 764px\" \/><\/a><\/p>\n<p>&nbsp;<\/p>\n<p>&nbsp;<\/p>\n<h2><a href=\"http:\/\/www.liceodeourense.com\/2.0\/wp-content\/uploads\/Encontros-literarios-DOS.jpg\"><br \/>\n<\/a><br \/>\nM\u00e1s informaci\u00f3n completa de las actividades del Liceo as\u00ed como la sol<span style=\"font-size: 14px; line-height: 1.5em;\">icitud de alta\u00a0<\/span><a style=\"font-size: 14px; line-height: 1.5em;\" href=\"http:\/\/www.liceodeourense.com\/2.0\/wp-content\/uploads\/Diptico-Liceo.pdf\" target=\"_blank\" rel=\"noopener noreferrer\"><strong>Pulsando aqu\u00ed<\/strong><\/a><span style=\"font-size: 14px; line-height: 1.5em;\">:<\/span><\/h2>\n<h2 style=\"text-align: center;\"><\/h2>\n<p>&nbsp;<\/p>\n<h3><\/h3>\n","protected":false},"excerpt":{"rendered":"<p>Quiere ser SOCIO del LICEO, f\u00e1cil descarge y cubra el IMPRESO DE ALTA (pulsa para descargar), dos fotograf\u00edas de cada una de las personas que formen la unidad familiar, un n\u00famero de cuenta y entr\u00e9gelo en Secretar\u00eda de la Entidad. Cuanto cuesta???????? La cuota de SOCIO es FAMILIAR, por importe de 41 euros al mes [&hellip;]<\/p>\n","protected":false},"author":2,"featured_media":0,"parent":0,"menu_order":60,"comment_status":"closed","ping_status":"closed","template":"","meta":{"footnotes":""},"class_list":["post-1168","page","type-page","status-publish","hentry"],"_links":{"self":[{"href":"http:\/\/www.liceodeourense.com\/2.0\/index.php?rest_route=\/wp\/v2\/pages\/1168","targetHints":{"allow":["GET"]}}],"collection":[{"href":"http:\/\/www.liceodeourense.com\/2.0\/index.php?rest_route=\/wp\/v2\/pages"}],"about":[{"href":"http:\/\/www.liceodeourense.com\/2.0\/index.php?rest_route=\/wp\/v2\/types\/page"}],"author":[{"embeddable":true,"href":"http:\/\/www.liceodeourense.com\/2.0\/index.php?rest_route=\/wp\/v2\/users\/2"}],"replies":[{"embeddable":true,"href":"http:\/\/www.liceodeourense.com\/2.0\/index.php?rest_route=%2Fwp%2Fv2%2Fcomments&post=1168"}],"version-history":[{"count":32,"href":"http:\/\/www.liceodeourense.com\/2.0\/index.php?rest_route=\/wp\/v2\/pages\/1168\/revisions"}],"predecessor-version":[{"id":15012,"href":"http:\/\/www.liceodeourense.com\/2.0\/index.php?rest_route=\/wp\/v2\/pages\/1168\/revisions\/15012"}],"wp:attachment":[{"href":"http:\/\/www.liceodeourense.com\/2.0\/index.php?rest_route=%2Fwp%2Fv2%2Fmedia&parent=1168"}],"curies":[{"name":"wp","href":"https:\/\/api.w.org\/{rel}","templated":true}]}}